{"id":88,"date":"2022-06-13T08:50:32","date_gmt":"2022-06-13T08:50:32","guid":{"rendered":"https:\/\/aisc.info\/2022\/?page_id=88"},"modified":"2022-09-27T08:56:40","modified_gmt":"2022-09-27T08:56:40","slug":"vietnam","status":"publish","type":"page","link":"https:\/\/aisc.info\/2022\/vietnam\/","title":{"rendered":"Vietnam"},"content":{"rendered":"<p>[et_pb_section fb_built=&#8221;1&#8243; _builder_version=&#8221;4.8.0&#8243; _module_preset=&#8221;default&#8221; background_color=&#8221;#fdd100&#8243; custom_padding=&#8221;0px||18px|||&#8221;][et_pb_row _builder_version=&#8221;4.8.0&#8243; _module_preset=&#8221;default&#8221;][et_pb_column type=&#8221;4_4&#8243; _builder_version=&#8221;4.8.0&#8243; _module_preset=&#8221;default&#8221;][et_pb_text _builder_version=&#8221;4.8.0&#8243; _module_preset=&#8221;default&#8221; text_font=&#8221;|700|||||||&#8221; text_text_color=&#8221;#FFFFFF&#8221; text_font_size=&#8221;38px&#8221; text_orientation=&#8221;center&#8221; background_layout=&#8221;dark&#8221;]<\/p>\n<p>Vietnam<\/p>\n<p>[\/et_pb_text][\/et_pb_column][\/et_pb_row][\/et_pb_section][et_pb_section fb_built=&#8221;1&#8243; _builder_version=&#8221;4.8.0&#8243; _module_preset=&#8221;default&#8221; custom_padding=&#8221;24px||21px|||&#8221;][et_pb_row _builder_version=&#8221;4.8.0&#8243; _module_preset=&#8221;default&#8221;][et_pb_column type=&#8221;4_4&#8243; _builder_version=&#8221;4.8.0&#8243; _module_preset=&#8221;default&#8221;][et_pb_cta title=&#8221;K\u1ef3 thi Sinh vi\u00ean Qu\u1ed1c t\u1ebf ASEAN l\u1ea7n th\u1ee9 2&#8243; button_text=&#8221;Click Here&#8221; _builder_version=&#8221;4.8.0&#8243; _module_preset=&#8221;default&#8221; body_text_align=&#8221;justify&#8221; background_color=&#8221;#00305e&#8221;]<\/p>\n<p>AISC l\u00e0 ch\u01b0\u01a1ng tr\u00ecnh th\u01b0\u1eddng ni\u00ean do c\u00e1c tr\u01b0\u1eddng \u0110\u1ea1i h\u1ecdc tr\u00ean to\u00e0n ASEAN kh\u1edfi x\u01b0\u1edbng, AISC l\u1ea7n th\u1ee9 nh\u1ea5t do \u0110\u1ea1i h\u1ecdc Muhammadiyah Magelang Indonesia \u0111\u0103ng cai t\u1ed5 ch\u1ee9c v\u00e0 ng\u00e0y nay, l\u1ea7n th\u1ee9 2 do TUEBA Vi\u1ec7t Nam \u0111\u0103ng cai t\u1ed5 ch\u1ee9c. \u0110\u00e2y l\u00e0 n\u01a1i \u0111\u1ec3 sinh vi\u00ean \u0111\u1ea1i h\u1ecdc t\u1eeb c\u00e1c n\u01b0\u1edbc ASEAN c\u00f3 \u0111\u01b0\u1ee3c nhi\u1ec1u c\u01a1 h\u1ed9i \u0111\u1ec3 th\u1ec3 hi\u1ec7n m\u00f4 h\u00ecnh kinh doanh v\u00e0 t\u00e0i n\u0103ng \u0111\u1ed9c \u0111\u00e1o c\u1ee7a m\u00ecnh tr\u00ean to\u00e0n c\u1ea7u c\u0169ng nh\u01b0 n\u00e2ng cao kh\u1ea3 n\u0103ng giao ti\u1ebfp qu\u1ed1c t\u1ebf.<\/p>\n<p>[\/et_pb_cta][\/et_pb_column][\/et_pb_row][\/et_pb_section][et_pb_section fb_built=&#8221;1&#8243; _builder_version=&#8221;4.8.0&#8243; _module_preset=&#8221;default&#8221; background_color=&#8221;#d1d1d1&#8243; custom_padding=&#8221;17px|||||&#8221;][et_pb_row column_structure=&#8221;1_2,1_2&#8243; _builder_version=&#8221;4.8.0&#8243; _module_preset=&#8221;default&#8221;][et_pb_column type=&#8221;1_2&#8243; _builder_version=&#8221;4.8.0&#8243; _module_preset=&#8221;default&#8221;][et_pb_cta title=&#8221;H\u1ea1ng m\u1ee5c h\u1ecdc thu\u1eadt&#8221; _builder_version=&#8221;4.8.0&#8243; _module_preset=&#8221;default&#8221; background_color=&#8221;#00305e&#8221;]<\/p>\n<p>Cu\u1ed9c thi M\u00f4 h\u00ecnh Kinh doanh (BMC)<\/p>\n<p>[\/et_pb_cta][et_pb_toggle title=&#8221;Y\u00eau c\u1ea7u&#8221; open_toggle_text_color=&#8221;#000000&#8243; icon_color=&#8221;#FFFFFF&#8221; _builder_version=&#8221;4.8.0&#8243; _module_preset=&#8221;default&#8221; title_text_color=&#8221;#000000&#8243; title_font=&#8221;|700|||||||&#8221; title_text_align=&#8221;center&#8221; body_text_color=&#8221;#000000&#8243; background_color=&#8221;#fdd100&#8243;]<\/p>\n<ol>\n<li>C\u00f3 th\u1ec3 \u00e1p d\u1ee5ng cho m\u1ed9t doanh nghi\u1ec7p m\u1edbi \u0111\u01b0\u1ee3c l\u00ean k\u1ebf ho\u1ea1ch ho\u1eb7c \u0111ang ho\u1ea1t \u0111\u1ed9ng<\/li>\n<li>\u00dd t\u01b0\u1edfng ph\u1ea3i \u0111\u01b0\u1ee3c hi\u1ec3n th\u1ecb theo m\u1eabu BMC c\u00f3 th\u1ec3 t\u1ea3i xu\u1ed1ng trong m\u00e3 QR b\u00ean d\u01b0\u1edbi<\/li>\n<li>M\u1ed7i \u0111\u1ed9i g\u1ed3m 3 sinh vi\u00ean trong m\u1ed9t tr\u01b0\u1eddng \u0111\u1ea1i h\u1ecdc nh\u01b0ng c\u00e1c th\u00e0nh vi\u00ean trong nh\u00f3m c\u00f3 th\u1ec3 \u0111\u1ebfn t\u1eeb c\u00e1c khoa<\/li>\n<li>BMC ph\u1ea3i \u0111\u01b0\u1ee3c vi\u1ebft b\u1eb1ng ti\u1ebfng Anh<\/li>\n<\/ol>\n<p>[\/et_pb_toggle][\/et_pb_column][et_pb_column type=&#8221;1_2&#8243; _builder_version=&#8221;4.8.0&#8243; _module_preset=&#8221;default&#8221;][et_pb_cta title=&#8221;Danh m\u1ee5c phi h\u1ecdc thu\u1eadt&#8221; _builder_version=&#8221;4.8.0&#8243; _module_preset=&#8221;default&#8221; background_color=&#8221;#00305e&#8221;]<\/p>\n<p>Ch\u1ee7 \u0111\u1ec1 c\u1ee7a cu\u1ed9c thi phi h\u1ecdc thu\u1eadt n\u0103m 2022 l\u00e0 &#8220;Students Got Talent&#8221;<\/p>\n<p>L\u00e0 cu\u1ed9c thi video m\u00e0 m\u1ed7i \u0111\u1ed9i \/ c\u00e1 nh\u00e2n c\u00f3 th\u1ec3 g\u1eedi 1 video v\u1edbi th\u1eddi l\u01b0\u1ee3ng 3-5 ph\u00fat<\/p>\n<p>[\/et_pb_cta][et_pb_toggle title=&#8221;Y\u00eau c\u1ea7u&#8221; open_toggle_text_color=&#8221;#000000&#8243; icon_color=&#8221;#FFFFFF&#8221; _builder_version=&#8221;4.8.0&#8243; _module_preset=&#8221;default&#8221; title_text_color=&#8221;#000000&#8243; title_font=&#8221;|700|||||||&#8221; title_text_align=&#8221;center&#8221; body_text_color=&#8221;#000000&#8243; background_color=&#8221;#fdd100&#8243;]<\/p>\n<ol>\n<li>D\u01b0\u1edbi d\u1ea1ng video th\u1ec3 hi\u1ec7n t\u00e0i n\u0103ng c\u1ee7a m\u1ed9t t\u1eadp th\u1ec3 \/ c\u00e1 nh\u00e2n v\u1edbi th\u1eddi l\u01b0\u1ee3ng 3-5 ph\u00fat<\/li>\n<li>M\u1ed7i \u0111\u1ed9i \/ c\u00e1 nh\u00e2n ch\u1ec9 \u0111\u01b0\u1ee3c g\u1eedi 1 video<\/li>\n<li>M\u1ed7i \u0111\u1ed9i bao g\u1ed3m t\u1ed1i \u0111a 3 sinh vi\u00ean trong m\u1ed9t tr\u01b0\u1eddng \u0111\u1ea1i h\u1ecdc v\u00e0 c\u00e1c th\u00e0nh vi\u00ean trong nh\u00f3m c\u00f3 th\u1ec3 t\u1eeb m\u1ed9t khoa ho\u1eb7c gi\u1eefa c\u00e1c khoa<\/li>\n<li>Video s\u1ebd \u0111\u01b0\u1ee3c xu\u1ea5t b\u1ea3n tr\u00ean K\u00eanh YouTube c\u1ee7a AISC<\/li>\n<li>\u0110\u1ed9 ph\u00e2n gi\u1ea3i video t\u1ed1i thi\u1ec3u 720p<\/li>\n<\/ol>\n<p>[\/et_pb_toggle][\/et_pb_column][\/et_pb_row][\/et_pb_section][et_pb_section fb_built=&#8221;1&#8243; _builder_version=&#8221;4.8.0&#8243; _module_preset=&#8221;default&#8221; background_color=&#8221;#E09900&#8243; custom_padding=&#8221;5px||8px|||&#8221;][et_pb_row column_structure=&#8221;2_3,1_3&#8243; _builder_version=&#8221;4.8.0&#8243; _module_preset=&#8221;default&#8221;][et_pb_column type=&#8221;2_3&#8243; _builder_version=&#8221;4.8.0&#8243; _module_preset=&#8221;default&#8221;][et_pb_testimonial author=&#8221;AISC Host&#8221; portrait_url=&#8221;https:\/\/aisc.info\/2022\/wp-content\/uploads\/sites\/3\/2022\/06\/admin.png&#8221; _builder_version=&#8221;4.8.0&#8243; _module_preset=&#8221;default&#8221; background_color=&#8221;#FFFFFF&#8221;]<\/p>\n<p>Ng\u01b0\u1eddi chi\u1ebfn th\u1eafng trong Road to The AISC 2022 l\u1ea7n th\u1ee9 2 s\u1ebd nh\u1eadn \u0111\u01b0\u1ee3c:<\/p>\n<p>\u00b7 Ch\u1ee9ng ch\u1ec9 c\u1ea1nh tranh qu\u1ed1c t\u1ebf<\/p>\n<p>\u00b7 C\u00f3 c\u01a1 h\u1ed9i v\u00e0o v\u00f2ng 2 c\u1ee7a AISC th\u1ee9 2<\/p>\n<p>[\/et_pb_testimonial][\/et_pb_column][et_pb_column type=&#8221;1_3&#8243; _builder_version=&#8221;4.8.0&#8243; _module_preset=&#8221;default&#8221;][et_pb_button button_url=&#8221;https:\/\/unimma.link\/TemplateBMC&#8221; button_text=&#8221;T\u1ea3i xu\u1ed1ng M\u1eabu BMC&#8221; _builder_version=&#8221;4.8.0&#8243; _module_preset=&#8221;default&#8221; custom_button=&#8221;on&#8221; button_bg_color=&#8221;#0C71C3&#8243; button_border_width=&#8221;0px&#8221; button_border_radius=&#8221;0px&#8221; background_layout=&#8221;dark&#8221; custom_margin=&#8221;19px|||||&#8221; button_letter_spacing_tablet=&#8221;&#8221; button_letter_spacing_phone=&#8221;&#8221; button_letter_spacing_last_edited=&#8221;on|desktop&#8221;][\/et_pb_button][et_pb_button button_url=&#8221;https:\/\/docs.google.com\/forms\/d\/e\/1FAIpQLSfdLPNvosD31OX-wBduyhyg8dz98ZWhV973PW39oVrJYb4lgw\/viewform?usp=sf_link&#8221; button_text=&#8221;Lets Join Us!&#8221; _builder_version=&#8221;4.8.0&#8243; _module_preset=&#8221;default&#8221; custom_button=&#8221;on&#8221; button_bg_color=&#8221;#0C71C3&#8243; button_border_width=&#8221;0px&#8221; button_border_radius=&#8221;0px&#8221; background_layout=&#8221;dark&#8221; custom_margin=&#8221;19px|||||&#8221; animation_style=&#8221;bounce&#8221; animation_duration=&#8221;550ms&#8221; animation_repeat=&#8221;loop&#8221; hover_enabled=&#8221;0&#8243; button_letter_spacing_tablet=&#8221;&#8221; button_letter_spacing_phone=&#8221;&#8221; button_letter_spacing_last_edited=&#8221;on|desktop&#8221; sticky_enabled=&#8221;0&#8243;][\/et_pb_button][\/et_pb_column][\/et_pb_row][\/et_pb_section][et_pb_section fb_built=&#8221;1&#8243; _builder_version=&#8221;4.8.0&#8243; _module_preset=&#8221;default&#8221; custom_padding=&#8221;6px||0px|||&#8221;][et_pb_row _builder_version=&#8221;4.8.0&#8243; _module_preset=&#8221;default&#8221;][et_pb_column type=&#8221;4_4&#8243; _builder_version=&#8221;4.8.0&#8243; _module_preset=&#8221;default&#8221;][et_pb_text _builder_version=&#8221;4.8.0&#8243; _module_preset=&#8221;default&#8221;]<marquee><a href=\"https:\/\/unimma.ac.id\" target=\"_blank\" rel=\"noopener noreferrer\"><img loading=\"lazy\" decoding=\"async\" src=\"https:\/\/aisc.info\/wp-content\/uploads\/2021\/04\/logo-unimma-300x64.png\" width=\"300\" height=\"64\" alt=\"\" class=\"wp-image-25 alignnone size-medium\" \/><\/a>\u00a0\u00a0<a href=\"https:\/\/www.unikl.edu.my\" target=\"_blank\" rel=\"noopener noreferrer\"><img loading=\"lazy\" decoding=\"async\" src=\"https:\/\/aisc.info\/wp-content\/uploads\/2021\/04\/kuala-lumpur-300x150.png\" width=\"168\" height=\"84\" alt=\"\" class=\"wp-image-26 alignnone size-medium\" \/><\/a>\u00a0 \u00a0\u00a0<a href=\"https:\/\/kkbs.kku.ac.th\"><img loading=\"lazy\" decoding=\"async\" src=\"https:\/\/aisc.info\/wp-content\/uploads\/2021\/05\/kkbs-300x156.png\" width=\"177\" height=\"92\" alt=\"\" class=\"wp-image-69 alignnone size-medium\" \/><\/a>\u00a0.\u00a0 \u00a0\u00a0<a href=\"http:\/\/tueba.edu.vn\" target=\"_blank\" rel=\"noopener noreferrer\"><img loading=\"lazy\" decoding=\"async\" src=\"https:\/\/aisc.info\/wp-content\/uploads\/2021\/04\/nguyen.jpeg\" width=\"79\" height=\"79\" alt=\"\" class=\"wp-image-28 alignnone size-full\" \/><\/a>\u00a0 \u00a0 \u00a0 \u00a0 \u00a0 \u00a0\u00a0<a href=\"https:\/\/www.pup.edu.ph\"><img loading=\"lazy\" decoding=\"async\" src=\"https:\/\/aisc.info\/wp-content\/uploads\/2021\/04\/phil-300x300.png\" width=\"80\" height=\"80\" alt=\"\" class=\"wp-image-29 alignnone size-medium\" \/><\/a><\/marquee>[\/et_pb_text][\/et_pb_column][\/et_pb_row][\/et_pb_section]<\/p>\n","protected":false},"excerpt":{"rendered":"<p>VietnamAISC l\u00e0 ch\u01b0\u01a1ng tr\u00ecnh th\u01b0\u1eddng ni\u00ean do c\u00e1c tr\u01b0\u1eddng \u0110\u1ea1i h\u1ecdc tr\u00ean to\u00e0n ASEAN kh\u1edfi x\u01b0\u1edbng, AISC l\u1ea7n th\u1ee9 nh\u1ea5t do \u0110\u1ea1i h\u1ecdc Muhammadiyah Magelang Indonesia \u0111\u0103ng cai t\u1ed5 ch\u1ee9c v\u00e0 ng\u00e0y nay, l\u1ea7n th\u1ee9 2 do TUEBA Vi\u1ec7t Nam \u0111\u0103ng cai t\u1ed5 ch\u1ee9c. \u0110\u00e2y l\u00e0 n\u01a1i \u0111\u1ec3 sinh vi\u00ean \u0111\u1ea1i h\u1ecdc t\u1eeb c\u00e1c n\u01b0\u1edbc [&hellip;]<\/p>\n","protected":false},"author":1,"featured_media":0,"parent":0,"menu_order":0,"comment_status":"closed","ping_status":"closed","template":"","meta":{"_et_pb_use_builder":"on","_et_pb_old_content":"","_et_gb_content_width":"","footnotes":""},"dipi_cpt_category":[],"class_list":["post-88","page","type-page","status-publish","hentry"],"_links":{"self":[{"href":"https:\/\/aisc.info\/2022\/wp-json\/wp\/v2\/pages\/88","targetHints":{"allow":["GET"]}}],"collection":[{"href":"https:\/\/aisc.info\/2022\/wp-json\/wp\/v2\/pages"}],"about":[{"href":"https:\/\/aisc.info\/2022\/wp-json\/wp\/v2\/types\/page"}],"author":[{"embeddable":true,"href":"https:\/\/aisc.info\/2022\/wp-json\/wp\/v2\/users\/1"}],"replies":[{"embeddable":true,"href":"https:\/\/aisc.info\/2022\/wp-json\/wp\/v2\/comments?post=88"}],"version-history":[{"count":9,"href":"https:\/\/aisc.info\/2022\/wp-json\/wp\/v2\/pages\/88\/revisions"}],"predecessor-version":[{"id":208,"href":"https:\/\/aisc.info\/2022\/wp-json\/wp\/v2\/pages\/88\/revisions\/208"}],"wp:attachment":[{"href":"https:\/\/aisc.info\/2022\/wp-json\/wp\/v2\/media?parent=88"}],"wp:term":[{"taxonomy":"dipi_cpt_category","embeddable":true,"href":"https:\/\/aisc.info\/2022\/wp-json\/wp\/v2\/dipi_cpt_category?post=88"}],"curies":[{"name":"wp","href":"https:\/\/api.w.org\/{rel}","templated":true}]}}